{"id":872,"date":"2020-01-29T16:44:23","date_gmt":"2020-01-29T15:44:23","guid":{"rendered":"https:\/\/rzuc.pl\/?post_type=product&#038;p=872"},"modified":"2020-09-03T19:42:12","modified_gmt":"2020-09-03T18:42:12","slug":"karty-plastikowe-2-talie","status":"publish","type":"product","link":"https:\/\/rzuc.pl\/index.php\/produkt\/karty-plastikowe-2-talie\/","title":{"rendered":"Karty plastikowe &#8211; 2 talie"},"content":{"rendered":"<p>Czarne, tradycyjne pude\u0142ko zawiera 2 talie, sk\u0142adaj\u0105ce si\u0119 z 55 kart o wymiarach 58 x 89 mm. Idealne zar\u00f3wno do bryd\u017ca, pokera, remika jak i innych gier.<\/p>\n","protected":false},"excerpt":{"rendered":"<p>Czarne, tradycyjne pude\u0142ko zawiera 2 talie, sk\u0142adaj\u0105ce si\u0119 z 55 kart o wymiarach 58 x 89 mm. Idealne zar\u00f3wno do bryd\u017ca, pokera, remika jak i innych gier.<\/p>\n","protected":false},"featured_media":874,"comment_status":"open","ping_status":"closed","template":"","meta":[],"product_cat":[23],"product_tag":[],"class_list":{"0":"post-872","1":"product","2":"type-product","3":"status-publish","4":"has-post-thumbnail","6":"product_cat-karty","8":"first","9":"outofstock","10":"shipping-taxable","11":"purchasable","12":"product-type-simple"},"_links":{"self":[{"href":"https:\/\/rzuc.pl\/index.php\/wp-json\/wp\/v2\/product\/872","targetHints":{"allow":["GET"]}}],"collection":[{"href":"https:\/\/rzuc.pl\/index.php\/wp-json\/wp\/v2\/product"}],"about":[{"href":"https:\/\/rzuc.pl\/index.php\/wp-json\/wp\/v2\/types\/product"}],"replies":[{"embeddable":true,"href":"https:\/\/rzuc.pl\/index.php\/wp-json\/wp\/v2\/comments?post=872"}],"wp:featuredmedia":[{"embeddable":true,"href":"https:\/\/rzuc.pl\/index.php\/wp-json\/wp\/v2\/media\/874"}],"wp:attachment":[{"href":"https:\/\/rzuc.pl\/index.php\/wp-json\/wp\/v2\/media?parent=872"}],"wp:term":[{"taxonomy":"product_cat","embeddable":true,"href":"https:\/\/rzuc.pl\/index.php\/wp-json\/wp\/v2\/product_cat?post=872"},{"taxonomy":"product_tag","embeddable":true,"href":"https:\/\/rzuc.pl\/index.php\/wp-json\/wp\/v2\/product_tag?post=872"}],"curies":[{"name":"wp","href":"https:\/\/api.w.org\/{rel}","templated":true}]}}