{"id":868,"date":"2020-01-29T16:39:29","date_gmt":"2020-01-29T15:39:29","guid":{"rendered":"https:\/\/rzuc.pl\/?post_type=product&#038;p=868"},"modified":"2020-09-03T19:42:12","modified_gmt":"2020-09-03T18:42:12","slug":"karty-plastikowe-1-talia","status":"publish","type":"product","link":"https:\/\/rzuc.pl\/index.php\/produkt\/karty-plastikowe-1-talia\/","title":{"rendered":"Karty plastikowe &#8211; 1 talia"},"content":{"rendered":"<p>W 100% plastikowe karty Piatnika. Czarne pude\u0142ko zawiera jedn\u0105 tali\u0119.<\/p>\n","protected":false},"excerpt":{"rendered":"<p>W 100% plastikowe karty Piatnika. Czarne pude\u0142ko zawiera jedn\u0105 tali\u0119.<\/p>\n","protected":false},"featured_media":869,"comment_status":"open","ping_status":"closed","template":"","meta":[],"product_cat":[23],"product_tag":[],"class_list":{"0":"post-868","1":"product","2":"type-product","3":"status-publish","4":"has-post-thumbnail","6":"product_cat-karty","8":"first","9":"outofstock","10":"shipping-taxable","11":"purchasable","12":"product-type-simple"},"_links":{"self":[{"href":"https:\/\/rzuc.pl\/index.php\/wp-json\/wp\/v2\/product\/868","targetHints":{"allow":["GET"]}}],"collection":[{"href":"https:\/\/rzuc.pl\/index.php\/wp-json\/wp\/v2\/product"}],"about":[{"href":"https:\/\/rzuc.pl\/index.php\/wp-json\/wp\/v2\/types\/product"}],"replies":[{"embeddable":true,"href":"https:\/\/rzuc.pl\/index.php\/wp-json\/wp\/v2\/comments?post=868"}],"wp:featuredmedia":[{"embeddable":true,"href":"https:\/\/rzuc.pl\/index.php\/wp-json\/wp\/v2\/media\/869"}],"wp:attachment":[{"href":"https:\/\/rzuc.pl\/index.php\/wp-json\/wp\/v2\/media?parent=868"}],"wp:term":[{"taxonomy":"product_cat","embeddable":true,"href":"https:\/\/rzuc.pl\/index.php\/wp-json\/wp\/v2\/product_cat?post=868"},{"taxonomy":"product_tag","embeddable":true,"href":"https:\/\/rzuc.pl\/index.php\/wp-json\/wp\/v2\/product_tag?post=868"}],"curies":[{"name":"wp","href":"https:\/\/api.w.org\/{rel}","templated":true}]}}