{"id":863,"date":"2020-01-29T16:34:05","date_gmt":"2020-01-29T15:34:05","guid":{"rendered":"https:\/\/rzuc.pl\/?post_type=product&#038;p=863"},"modified":"2020-09-03T19:42:12","modified_gmt":"2020-09-03T18:42:12","slug":"karty-pojedyncze-liscie-debu","status":"publish","type":"product","link":"https:\/\/rzuc.pl\/index.php\/produkt\/karty-pojedyncze-liscie-debu\/","title":{"rendered":"Karty pojedyncze Li\u015bcie D\u0119bu"},"content":{"rendered":"<p>Jeden z najbardziej rozpoznawalnych Piatnikowskich wzor\u00f3w, obecny w Polsce ju\u017c przed wojn\u0105. W niekt\u00f3rych kr\u0119gach karty te znane s\u0105 jako &#8220;pewexy&#8221;, od nazwy sklep\u00f3w, w kt\u00f3rych gracze mogli zdoby\u0107 ten deficytowy towar za czas\u00f3w PRL. Na awersach pi\u0119kne figury, na rewersach i opakowaniu charakterystyczne li\u015bcie d\u0119bu. Talia sk\u0142ada si\u0119 z 55 plastikowanych kart o wymiarach 58 x 89 mm i gramaturze 310. Idealna zar\u00f3wno do bryd\u017ca, pokera, remika jak i innych gier.<\/p>\n","protected":false},"excerpt":{"rendered":"<p>Jeden z najbardziej rozpoznawalnych Piatnikowskich wzor\u00f3w, obecny w Polsce ju\u017c przed wojn\u0105. W niekt\u00f3rych kr\u0119gach karty te znane s\u0105 jako &#8220;pewexy&#8221;, od nazwy sklep\u00f3w, w kt\u00f3rych gracze mogli zdoby\u0107 ten deficytowy towar za czas\u00f3w PRL. Na awersach pi\u0119kne figury, na rewersach i opakowaniu charakterystyczne li\u015bcie d\u0119bu. Talia sk\u0142ada si\u0119 z 55 plastikowanych kart o wymiarach [&hellip;]<\/p>\n","protected":false},"featured_media":864,"comment_status":"open","ping_status":"closed","template":"","meta":[],"product_cat":[15],"product_tag":[],"class_list":{"0":"post-863","1":"product","2":"type-product","3":"status-publish","4":"has-post-thumbnail","6":"product_cat-bez-kategorii","8":"first","9":"outofstock","10":"shipping-taxable","11":"purchasable","12":"product-type-simple"},"_links":{"self":[{"href":"https:\/\/rzuc.pl\/index.php\/wp-json\/wp\/v2\/product\/863","targetHints":{"allow":["GET"]}}],"collection":[{"href":"https:\/\/rzuc.pl\/index.php\/wp-json\/wp\/v2\/product"}],"about":[{"href":"https:\/\/rzuc.pl\/index.php\/wp-json\/wp\/v2\/types\/product"}],"replies":[{"embeddable":true,"href":"https:\/\/rzuc.pl\/index.php\/wp-json\/wp\/v2\/comments?post=863"}],"wp:featuredmedia":[{"embeddable":true,"href":"https:\/\/rzuc.pl\/index.php\/wp-json\/wp\/v2\/media\/864"}],"wp:attachment":[{"href":"https:\/\/rzuc.pl\/index.php\/wp-json\/wp\/v2\/media?parent=863"}],"wp:term":[{"taxonomy":"product_cat","embeddable":true,"href":"https:\/\/rzuc.pl\/index.php\/wp-json\/wp\/v2\/product_cat?post=863"},{"taxonomy":"product_tag","embeddable":true,"href":"https:\/\/rzuc.pl\/index.php\/wp-json\/wp\/v2\/product_tag?post=863"}],"curies":[{"name":"wp","href":"https:\/\/api.w.org\/{rel}","templated":true}]}}