{"id":26,"date":"2019-12-18T18:36:50","date_gmt":"2019-12-18T17:36:50","guid":{"rendered":"https:\/\/rzuc.pl\/?post_type=product&#038;p=26"},"modified":"2020-09-03T19:42:12","modified_gmt":"2020-09-03T18:42:12","slug":"tik-tak-bum-junior","status":"publish","type":"product","link":"https:\/\/rzuc.pl\/index.php\/produkt\/tik-tak-bum-junior\/","title":{"rendered":"Tik Tak Bum Junior"},"content":{"rendered":"<p>Wybuchowa gra s\u0142owna dla 2-12 graczy od 5 lat. Kultowa, wielokrotnie nagradzana (Gra Roku w Wielkiej Brytanii i Danii) gra s\u0142owna Tik Tak Bum teraz w wersji dla m\u0142odszych graczy! Szybka, zabawna i edukacyjna. \u015awietnie \u0107wiczy kreatywno\u015b\u0107, spontaniczno\u015b\u0107 i s\u0142ownictwo u dzieci. Gracz, kt\u00f3ry trzyma tykaj\u0105c\u0105 &#8220;bomb\u0119&#8221;, musi szybko wypowiedzie\u0107 s\u0142owo kojarz\u0105ce si\u0119 z rysunkiem na karcie (je\u015bli np. na karcie widnieje pla\u017ca, mo\u017cliwe s\u0142owa to np. &#8220;piasek&#8221;, &#8220;le\u017cak&#8221;, &#8220;wakacje&#8221;, &#8220;wiaderko&#8221;) i przekaza\u0107 &#8220;bomb\u0119&#8221; kolejnemu graczowi. <\/p>\n<p>Czy ten zd\u0105\u017cy zrobi\u0107 to samo zanim &#8220;bomba wybuchnie&#8221;? Nikt nie wie, jak d\u0142ugo &#8220;bomba&#8221; b\u0119dzie tyka\u0107: 10, 20, 30 sekund, a mo\u017ce ca\u0142\u0105 minut\u0119? Z ka\u017cd\u0105 sekund\u0105 napi\u0119cie ro\u015bnie!<\/p>\n","protected":false},"excerpt":{"rendered":"<p>Wybuchowa gra s\u0142owna dla 2-12 graczy od 5 lat. Kultowa, wielokrotnie nagradzana (Gra Roku w Wielkiej Brytanii i Danii) gra s\u0142owna Tik Tak Bum teraz w wersji dla m\u0142odszych graczy! Szybka, zabawna i edukacyjna. \u015awietnie \u0107wiczy kreatywno\u015b\u0107, spontaniczno\u015b\u0107 i s\u0142ownictwo u dzieci. Gracz, kt\u00f3ry trzyma tykaj\u0105c\u0105 &#8220;bomb\u0119&#8221;, musi szybko wypowiedzie\u0107 s\u0142owo kojarz\u0105ce si\u0119 z rysunkiem [&hellip;]<\/p>\n","protected":false},"featured_media":27,"comment_status":"open","ping_status":"closed","template":"","meta":[],"product_cat":[19,18],"product_tag":[],"class_list":{"0":"post-26","1":"product","2":"type-product","3":"status-publish","4":"has-post-thumbnail","6":"product_cat-gry-dla-najmlodszych","7":"product_cat-gry-rodzinne","9":"first","10":"outofstock","11":"shipping-taxable","12":"purchasable","13":"product-type-simple"},"_links":{"self":[{"href":"https:\/\/rzuc.pl\/index.php\/wp-json\/wp\/v2\/product\/26","targetHints":{"allow":["GET"]}}],"collection":[{"href":"https:\/\/rzuc.pl\/index.php\/wp-json\/wp\/v2\/product"}],"about":[{"href":"https:\/\/rzuc.pl\/index.php\/wp-json\/wp\/v2\/types\/product"}],"replies":[{"embeddable":true,"href":"https:\/\/rzuc.pl\/index.php\/wp-json\/wp\/v2\/comments?post=26"}],"wp:featuredmedia":[{"embeddable":true,"href":"https:\/\/rzuc.pl\/index.php\/wp-json\/wp\/v2\/media\/27"}],"wp:attachment":[{"href":"https:\/\/rzuc.pl\/index.php\/wp-json\/wp\/v2\/media?parent=26"}],"wp:term":[{"taxonomy":"product_cat","embeddable":true,"href":"https:\/\/rzuc.pl\/index.php\/wp-json\/wp\/v2\/product_cat?post=26"},{"taxonomy":"product_tag","embeddable":true,"href":"https:\/\/rzuc.pl\/index.php\/wp-json\/wp\/v2\/product_tag?post=26"}],"curies":[{"name":"wp","href":"https:\/\/api.w.org\/{rel}","templated":true}]}}