{"id":22,"date":"2019-12-18T18:30:37","date_gmt":"2019-12-18T17:30:37","guid":{"rendered":"https:\/\/rzuc.pl\/?post_type=product&#038;p=22"},"modified":"2023-12-20T13:42:59","modified_gmt":"2023-12-20T12:42:59","slug":"activity-junior","status":"publish","type":"product","link":"https:\/\/rzuc.pl\/index.php\/produkt\/activity-junior\/","title":{"rendered":"Activity Junior"},"content":{"rendered":"<p>Gra otrzyma\u0142a wyr\u00f3\u017cnienie w XII edycji konkursu &#8216;\u015awiat przyjazny dziecku&#8217; w kategorii zabawki dla dzieci w wieku 7-12 lat. Narysuj &#8220;kiesze\u0144&#8221;, opisz &#8220;ciekawo\u015b\u0107&#8221;, poka\u017c na migi &#8220;nale\u015bnik&#8221;&#8230; nim up\u0142ynie czas! Gracze na zmian\u0119 losuj\u0105 has\u0142a i pr\u00f3buj\u0105 je przedstawi\u0107 pozosta\u0142ym uczestnikom na jeden z trzech sposob\u00f3w: rysuj\u0105c, opisuj\u0105c s\u0142ownie, lub za pomoc\u0105 pantomimy. Je\u015bli kto\u015b odgadnie has\u0142o, pionek dru\u017cyny przesuwa si\u0119 do przodu. Activity to zabawna i emocjonuj\u0105ca gra edukacyjna dla 3-16 graczy od 8 lat. Gracze mog\u0105 \u0107wiczy\u0107 kreatywno\u015b\u0107, pewno\u015b\u0107 siebie i poszerza\u0107 s\u0142ownictwo, a ich r\u0119ce i nogi s\u0105 w ci\u0105g\u0142ym ruchu! Mo\u017cna gra\u0107 ju\u017c w 3 osoby, ale gra \u015bwietnie si\u0119 sprawdza r\u00f3wnie\u017c w du\u017cej grupie. Ostrze\u017cenie dla graczy: mi\u0119\u015bnie brzucha mog\u0105 rozbole\u0107 od \u015bmiechu! Has\u0142a s\u0105 podane w j\u0119zyku polskim i angielskim, dzi\u0119ki czemu gra mo\u017ce s\u0142u\u017cy\u0107 jako pomoc do nauki j\u0119zyka angielskiego.<\/p>\n","protected":false},"excerpt":{"rendered":"<p>Gra otrzyma\u0142a wyr\u00f3\u017cnienie w XII edycji konkursu &#8216;\u015awiat przyjazny dziecku&#8217; w kategorii zabawki dla dzieci w wieku 7-12 lat. Narysuj &#8220;kiesze\u0144&#8221;, opisz &#8220;ciekawo\u015b\u0107&#8221;, poka\u017c na migi &#8220;nale\u015bnik&#8221;&#8230; nim up\u0142ynie czas! Gracze na zmian\u0119 losuj\u0105 has\u0142a i pr\u00f3buj\u0105 je przedstawi\u0107 pozosta\u0142ym uczestnikom na jeden z trzech sposob\u00f3w: rysuj\u0105c, opisuj\u0105c s\u0142ownie, lub za pomoc\u0105 pantomimy. Je\u015bli kto\u015b [&hellip;]<\/p>\n","protected":false},"featured_media":23,"comment_status":"open","ping_status":"closed","template":"","meta":[],"product_cat":[19,18],"product_tag":[],"class_list":{"0":"post-22","1":"product","2":"type-product","3":"status-publish","4":"has-post-thumbnail","6":"product_cat-gry-dla-najmlodszych","7":"product_cat-gry-rodzinne","9":"first","10":"outofstock","11":"shipping-taxable","12":"purchasable","13":"product-type-simple"},"_links":{"self":[{"href":"https:\/\/rzuc.pl\/index.php\/wp-json\/wp\/v2\/product\/22","targetHints":{"allow":["GET"]}}],"collection":[{"href":"https:\/\/rzuc.pl\/index.php\/wp-json\/wp\/v2\/product"}],"about":[{"href":"https:\/\/rzuc.pl\/index.php\/wp-json\/wp\/v2\/types\/product"}],"replies":[{"embeddable":true,"href":"https:\/\/rzuc.pl\/index.php\/wp-json\/wp\/v2\/comments?post=22"}],"wp:featuredmedia":[{"embeddable":true,"href":"https:\/\/rzuc.pl\/index.php\/wp-json\/wp\/v2\/media\/23"}],"wp:attachment":[{"href":"https:\/\/rzuc.pl\/index.php\/wp-json\/wp\/v2\/media?parent=22"}],"wp:term":[{"taxonomy":"product_cat","embeddable":true,"href":"https:\/\/rzuc.pl\/index.php\/wp-json\/wp\/v2\/product_cat?post=22"},{"taxonomy":"product_tag","embeddable":true,"href":"https:\/\/rzuc.pl\/index.php\/wp-json\/wp\/v2\/product_tag?post=22"}],"curies":[{"name":"wp","href":"https:\/\/api.w.org\/{rel}","templated":true}]}}