{"id":20,"date":"2019-12-18T18:24:32","date_gmt":"2019-12-18T17:24:32","guid":{"rendered":"https:\/\/rzuc.pl\/?post_type=product&#038;p=20"},"modified":"2023-12-19T21:38:30","modified_gmt":"2023-12-19T20:38:30","slug":"activity-champion","status":"publish","type":"product","link":"https:\/\/rzuc.pl\/index.php\/produkt\/activity-champion\/","title":{"rendered":"Activity Champion"},"content":{"rendered":"<p>Kultowa gra dla 3-16 graczy, od 12 lat, potocznie nazywana kalamburami. Wielokrotnie nagradzana i wyr\u00f3\u017cniana. Przeb\u00f3j imprez w\u015br\u00f3d znajomych i rodziny, \u015bwietna forma integracji a przede wszystkim doskona\u0142a rozrywka! Dru\u017cyny d\u0105\u017c\u0105 do mety poprzez odgadywanie hase\u0142, prezentowanych na trzy sposoby: graficznie, ustnie lub na migi. Z biegiem czasu dru\u017cyny zwieraj\u0105 szyki, a emocje wymykaj\u0105 si\u0119 spod kontroli. Gra generuje mn\u00f3stwo \u015bmiesznych sytuacji i ods\u0142ania nowe oblicza nawet najbli\u017cszych os\u00f3b!<\/p>\n","protected":false},"excerpt":{"rendered":"<p>Kultowa gra dla 3-16 graczy, od 12 lat, potocznie nazywana kalamburami. Wielokrotnie nagradzana i wyr\u00f3\u017cniana. Przeb\u00f3j imprez w\u015br\u00f3d znajomych i rodziny, \u015bwietna forma integracji a przede wszystkim doskona\u0142a rozrywka! Dru\u017cyny d\u0105\u017c\u0105 do mety poprzez odgadywanie hase\u0142, prezentowanych na trzy sposoby: graficznie, ustnie lub na migi. Z biegiem czasu dru\u017cyny zwieraj\u0105 szyki, a emocje wymykaj\u0105 si\u0119 [&hellip;]<\/p>\n","protected":false},"featured_media":21,"comment_status":"open","ping_status":"closed","template":"","meta":[],"product_cat":[18],"product_tag":[],"class_list":{"0":"post-20","1":"product","2":"type-product","3":"status-publish","4":"has-post-thumbnail","6":"product_cat-gry-rodzinne","8":"first","9":"outofstock","10":"shipping-taxable","11":"purchasable","12":"product-type-simple"},"_links":{"self":[{"href":"https:\/\/rzuc.pl\/index.php\/wp-json\/wp\/v2\/product\/20","targetHints":{"allow":["GET"]}}],"collection":[{"href":"https:\/\/rzuc.pl\/index.php\/wp-json\/wp\/v2\/product"}],"about":[{"href":"https:\/\/rzuc.pl\/index.php\/wp-json\/wp\/v2\/types\/product"}],"replies":[{"embeddable":true,"href":"https:\/\/rzuc.pl\/index.php\/wp-json\/wp\/v2\/comments?post=20"}],"wp:featuredmedia":[{"embeddable":true,"href":"https:\/\/rzuc.pl\/index.php\/wp-json\/wp\/v2\/media\/21"}],"wp:attachment":[{"href":"https:\/\/rzuc.pl\/index.php\/wp-json\/wp\/v2\/media?parent=20"}],"wp:term":[{"taxonomy":"product_cat","embeddable":true,"href":"https:\/\/rzuc.pl\/index.php\/wp-json\/wp\/v2\/product_cat?post=20"},{"taxonomy":"product_tag","embeddable":true,"href":"https:\/\/rzuc.pl\/index.php\/wp-json\/wp\/v2\/product_tag?post=20"}],"curies":[{"name":"wp","href":"https:\/\/api.w.org\/{rel}","templated":true}]}}